{"id":2887,"date":"2023-09-28T12:19:53","date_gmt":"2023-09-28T10:19:53","guid":{"rendered":"https:\/\/sprintbox.de\/impress"},"modified":"2025-04-30T12:43:51","modified_gmt":"2025-04-30T10:43:51","slug":"impress","status":"publish","type":"page","link":"https:\/\/sprintbox.de\/en\/impress","title":{"rendered":"Impress"},"content":{"rendered":"<div class=\"fusion-fullwidth fullwidth-box fusion-builder-row-1 fusion-flex-container has-pattern-background has-mask-background nonhundred-percent-fullwidth non-hundred-percent-height-scrolling\" style=\"--awb-border-radius-top-left:0px;--awb-border-radius-top-right:0px;--awb-border-radius-bottom-right:0px;--awb-border-radius-bottom-left:0px;--awb-flex-wrap:wrap;\" ><div class=\"fusion-builder-row fusion-row fusion-flex-align-items-flex-start fusion-flex-content-wrap\" style=\"max-width:1248px;margin-left: calc(-4% \/ 2 );margin-right: calc(-4% \/ 2 );\"><div class=\"fusion-layout-column fusion_builder_column fusion-builder-column-0 fusion_builder_column_5_6 5_6 fusion-flex-column\" style=\"--awb-bg-size:cover;--awb-width-large:83.333333333333%;--awb-margin-top-large:0px;--awb-spacing-right-large:2.304%;--awb-margin-bottom-large:20px;--awb-spacing-left-large:2.304%;--awb-width-medium:83.333333333333%;--awb-order-medium:0;--awb-spacing-right-medium:2.304%;--awb-spacing-left-medium:2.304%;--awb-width-small:100%;--awb-order-small:0;--awb-spacing-right-small:1.92%;--awb-spacing-left-small:1.92%;\"><div class=\"fusion-column-wrapper fusion-column-has-shadow fusion-flex-justify-content-flex-start fusion-content-layout-column\"><div class=\"fusion-title title fusion-title-1 fusion-sep-none fusion-title-text fusion-title-size-one\"><h1 class=\"fusion-title-heading title-heading-left fusion-responsive-typography-calculated\" style=\"margin:0;--fontSize:36;line-height:1.4;\">Impress<\/h1><\/div><div class=\"fusion-text fusion-text-1\"><p><strong>Address<\/strong><br \/>\nsprintBOX GmbH Gerolzh\u00f6fer Stra\u00dfe 7 97508 Grettstadt Phone: 09729 9077-200 Fax: 09729 9077-280 info@sprintBOX.de<\/p>\n<p><strong>headquarters of the company<\/strong><br \/>\nSitz: Grettstadt<br \/>\nThe place of jurisdiction is Schweinfurt<br \/>\nAmtsgericht Schweinfurt , Registernummer: HRB 4800 Umsatzsteuer-ID: DE 244 459 557<br \/>\nManaging directors: Achim Sch\u00e4flein<\/p>\n<p><strong>Copyright<\/strong><br \/>\nAll content on our websites is subject to copyright. Neither text, graphics, photos nor other content may be used for any other purpose without our express written permission. The rights of all brands or trademarks mentioned belong to their respective owners.<\/p>\n<\/div><\/div><\/div><\/div><\/div>\n","protected":false},"excerpt":{"rendered":"","protected":false},"author":1,"featured_media":0,"parent":0,"menu_order":0,"comment_status":"closed","ping_status":"closed","template":"100-width.php","meta":{"footnotes":""},"class_list":["post-2887","page","type-page","status-publish","hentry"],"yoast_head":"<!-- This site is optimized with the Yoast SEO plugin v26.6 - https:\/\/yoast.com\/wordpress\/plugins\/seo\/ -->\n<title>Impress - sprintBOX GmbH<\/title>\n<meta name=\"robots\" content=\"index, follow, max-snippet:-1, max-image-preview:large, max-video-preview:-1\" \/>\n<link rel=\"canonical\" href=\"https:\/\/sprintbox.de\/en\/impress\" \/>\n<meta property=\"og:locale\" content=\"en_US\" \/>\n<meta property=\"og:type\" content=\"article\" \/>\n<meta property=\"og:title\" content=\"Impress - sprintBOX GmbH\" \/>\n<meta property=\"og:url\" content=\"https:\/\/sprintbox.de\/en\/impress\" \/>\n<meta property=\"og:site_name\" content=\"sprintBOX GmbH\" \/>\n<meta property=\"article:modified_time\" content=\"2025-04-30T10:43:51+00:00\" \/>\n<meta name=\"twitter:card\" content=\"summary_large_image\" \/>\n<meta name=\"twitter:label1\" content=\"Est. reading time\" \/>\n\t<meta name=\"twitter:data1\" content=\"1 minute\" \/>\n<script type=\"application\/ld+json\" class=\"yoast-schema-graph\">{\"@context\":\"https:\/\/schema.org\",\"@graph\":[{\"@type\":\"WebPage\",\"@id\":\"https:\/\/sprintbox.de\/en\/impress\",\"url\":\"https:\/\/sprintbox.de\/en\/impress\",\"name\":\"Impress - sprintBOX GmbH\",\"isPartOf\":{\"@id\":\"https:\/\/sprintbox.de\/#website\"},\"datePublished\":\"2023-09-28T10:19:53+00:00\",\"dateModified\":\"2025-04-30T10:43:51+00:00\",\"breadcrumb\":{\"@id\":\"https:\/\/sprintbox.de\/en\/impress#breadcrumb\"},\"inLanguage\":\"en-US\",\"potentialAction\":[{\"@type\":\"ReadAction\",\"target\":[\"https:\/\/sprintbox.de\/en\/impress\"]}]},{\"@type\":\"BreadcrumbList\",\"@id\":\"https:\/\/sprintbox.de\/en\/impress#breadcrumb\",\"itemListElement\":[{\"@type\":\"ListItem\",\"position\":1,\"name\":\"Startseite\",\"item\":\"https:\/\/sprintbox.de\/en\"},{\"@type\":\"ListItem\",\"position\":2,\"name\":\"Impress\"}]},{\"@type\":\"WebSite\",\"@id\":\"https:\/\/sprintbox.de\/#website\",\"url\":\"https:\/\/sprintbox.de\/\",\"name\":\"sprintbox GmbH\",\"description\":\"Ihr All-in-One Partner f\u00fcr  KLT-Reinigung, Beh\u00e4ltervermietung &amp; externe Lagerung von Ladungstr\u00e4gern\",\"publisher\":{\"@id\":\"https:\/\/sprintbox.de\/#organization\"},\"potentialAction\":[{\"@type\":\"SearchAction\",\"target\":{\"@type\":\"EntryPoint\",\"urlTemplate\":\"https:\/\/sprintbox.de\/?s={search_term_string}\"},\"query-input\":{\"@type\":\"PropertyValueSpecification\",\"valueRequired\":true,\"valueName\":\"search_term_string\"}}],\"inLanguage\":\"en-US\"},{\"@type\":\"Organization\",\"@id\":\"https:\/\/sprintbox.de\/#organization\",\"name\":\"sprintbox GmbH\",\"url\":\"https:\/\/sprintbox.de\/\",\"logo\":{\"@type\":\"ImageObject\",\"inLanguage\":\"en-US\",\"@id\":\"https:\/\/sprintbox.de\/#\/schema\/logo\/image\/\",\"url\":\"https:\/\/sprintbox.de\/wp-content\/uploads\/2023\/07\/sprintbox_retina.png\",\"contentUrl\":\"https:\/\/sprintbox.de\/wp-content\/uploads\/2023\/07\/sprintbox_retina.png\",\"width\":450,\"height\":142,\"caption\":\"sprintbox GmbH\"},\"image\":{\"@id\":\"https:\/\/sprintbox.de\/#\/schema\/logo\/image\/\"},\"sameAs\":[\"https:\/\/www.youtube.com\/@teamschaeflein\"]}]}<\/script>\n<!-- \/ Yoast SEO plugin. -->","yoast_head_json":{"title":"Impress - sprintBOX GmbH","robots":{"index":"index","follow":"follow","max-snippet":"max-snippet:-1","max-image-preview":"max-image-preview:large","max-video-preview":"max-video-preview:-1"},"canonical":"https:\/\/sprintbox.de\/en\/impress","og_locale":"en_US","og_type":"article","og_title":"Impress - sprintBOX GmbH","og_url":"https:\/\/sprintbox.de\/en\/impress","og_site_name":"sprintBOX GmbH","article_modified_time":"2025-04-30T10:43:51+00:00","twitter_card":"summary_large_image","twitter_misc":{"Est. reading time":"1 minute"},"schema":{"@context":"https:\/\/schema.org","@graph":[{"@type":"WebPage","@id":"https:\/\/sprintbox.de\/en\/impress","url":"https:\/\/sprintbox.de\/en\/impress","name":"Impress - sprintBOX GmbH","isPartOf":{"@id":"https:\/\/sprintbox.de\/#website"},"datePublished":"2023-09-28T10:19:53+00:00","dateModified":"2025-04-30T10:43:51+00:00","breadcrumb":{"@id":"https:\/\/sprintbox.de\/en\/impress#breadcrumb"},"inLanguage":"en-US","potentialAction":[{"@type":"ReadAction","target":["https:\/\/sprintbox.de\/en\/impress"]}]},{"@type":"BreadcrumbList","@id":"https:\/\/sprintbox.de\/en\/impress#breadcrumb","itemListElement":[{"@type":"ListItem","position":1,"name":"Startseite","item":"https:\/\/sprintbox.de\/en"},{"@type":"ListItem","position":2,"name":"Impress"}]},{"@type":"WebSite","@id":"https:\/\/sprintbox.de\/#website","url":"https:\/\/sprintbox.de\/","name":"sprintbox GmbH","description":"Ihr All-in-One Partner f\u00fcr  KLT-Reinigung, Beh\u00e4ltervermietung &amp; externe Lagerung von Ladungstr\u00e4gern","publisher":{"@id":"https:\/\/sprintbox.de\/#organization"},"potentialAction":[{"@type":"SearchAction","target":{"@type":"EntryPoint","urlTemplate":"https:\/\/sprintbox.de\/?s={search_term_string}"},"query-input":{"@type":"PropertyValueSpecification","valueRequired":true,"valueName":"search_term_string"}}],"inLanguage":"en-US"},{"@type":"Organization","@id":"https:\/\/sprintbox.de\/#organization","name":"sprintbox GmbH","url":"https:\/\/sprintbox.de\/","logo":{"@type":"ImageObject","inLanguage":"en-US","@id":"https:\/\/sprintbox.de\/#\/schema\/logo\/image\/","url":"https:\/\/sprintbox.de\/wp-content\/uploads\/2023\/07\/sprintbox_retina.png","contentUrl":"https:\/\/sprintbox.de\/wp-content\/uploads\/2023\/07\/sprintbox_retina.png","width":450,"height":142,"caption":"sprintbox GmbH"},"image":{"@id":"https:\/\/sprintbox.de\/#\/schema\/logo\/image\/"},"sameAs":["https:\/\/www.youtube.com\/@teamschaeflein"]}]}},"_links":{"self":[{"href":"https:\/\/sprintbox.de\/en\/wp-json\/wp\/v2\/pages\/2887","targetHints":{"allow":["GET"]}}],"collection":[{"href":"https:\/\/sprintbox.de\/en\/wp-json\/wp\/v2\/pages"}],"about":[{"href":"https:\/\/sprintbox.de\/en\/wp-json\/wp\/v2\/types\/page"}],"author":[{"embeddable":true,"href":"https:\/\/sprintbox.de\/en\/wp-json\/wp\/v2\/users\/1"}],"replies":[{"embeddable":true,"href":"https:\/\/sprintbox.de\/en\/wp-json\/wp\/v2\/comments?post=2887"}],"version-history":[{"count":3,"href":"https:\/\/sprintbox.de\/en\/wp-json\/wp\/v2\/pages\/2887\/revisions"}],"predecessor-version":[{"id":4167,"href":"https:\/\/sprintbox.de\/en\/wp-json\/wp\/v2\/pages\/2887\/revisions\/4167"}],"wp:attachment":[{"href":"https:\/\/sprintbox.de\/en\/wp-json\/wp\/v2\/media?parent=2887"}],"curies":[{"name":"wp","href":"https:\/\/api.w.org\/{rel}","templated":true}]}}